{"id":354,"date":"2017-04-13T12:50:52","date_gmt":"2017-04-13T10:50:52","guid":{"rendered":"http:\/\/www.locandaalgambero.com\/chambres\/"},"modified":"2019-05-03T18:49:48","modified_gmt":"2019-05-03T16:49:48","slug":"chambres","status":"publish","type":"page","link":"https:\/\/www.locandaalgambero.com\/fr\/chambres\/","title":{"rendered":"Chambres"},"content":{"rendered":"<p>[vc_row css_animation=&#8221;&#8221; row_type=&#8221;row&#8221; use_row_as_full_screen_section=&#8221;no&#8221; type=&#8221;grid&#8221; angled_section=&#8221;no&#8221; text_align=&#8221;left&#8221; background_image_as_pattern=&#8221;without_pattern&#8221; background_color=&#8221;#eae4d0&#8243; padding_top=&#8221;40&#8243; padding_bottom=&#8221;40&#8243;][vc_column][vc_column_text]Typiquement v\u00e9nitiennes, d\u2019une \u00e9l\u00e9gance sobre, lumineuses et vastes tout commes les autres d\u00e9cors de l\u2019h\u00f4tel les 30 chambres de l&#8217;H\u00f4tel Antica Locanda al Gambero sont embellies par les meilleurs conforts propos\u00e9s par les h\u00f4tels 3 \u00e9toiles de Venise.<\/p>\n<p>&nbsp;<\/p>\n<p>TV par satellite, mini-bar, coffre-fort, t\u00e9l\u00e9phone direct, machine \u00e0 caf\u00e9 \/ th\u00e9 pratique et air conditionn\u00e9 sont pr\u00e9sents dans chaque chambre tout comme la salle de bain priv\u00e9e avec douche ou baignoire et s\u00e8che-cheveux. En outre, les chambres sont toutes non-fumeurs et sont disponibles sous forme simple, double, \u00e0 grand lit, triple et quadruple (une).<\/p>\n<p>L\u2019h\u00f4tel Locanda al Gambero fait partie des quelques h\u00f4tels de Venise \u00e0 avoir la plupart de ses chambres avec vue sur le Canal pittoresque ![\/vc_column_text][\/vc_column][\/vc_row][vc_row css_animation=&#8221;&#8221; row_type=&#8221;row&#8221; use_row_as_full_screen_section=&#8221;no&#8221; type=&#8221;grid&#8221; angled_section=&#8221;no&#8221; text_align=&#8221;left&#8221; background_image_as_pattern=&#8221;without_pattern&#8221; padding_top=&#8221;40&#8243;][vc_column width=&#8221;1\/2&#8243;][vc_gallery interval=&#8221;0&#8243; images=&#8221;27,26,25,16&#8243; img_size=&#8221;large&#8221; control_nav=&#8221;no&#8221; pause_on_hover=&#8221;no&#8221;][vc_column_text]<\/p>\n<h3 style=\"text-align: center;\">Simple<\/h3>\n<p>[\/vc_column_text][vc_empty_space][\/vc_column][vc_column width=&#8221;1\/2&#8243;][vc_gallery interval=&#8221;0&#8243; images=&#8221;42,39,20,19,18&#8243; img_size=&#8221;large&#8221; control_nav=&#8221;no&#8221; pause_on_hover=&#8221;no&#8221;][vc_column_text]<\/p>\n<h3 style=\"text-align: center;\">Double Economy<\/h3>\n<p>[\/vc_column_text][vc_empty_space][\/vc_column][\/vc_row][vc_row css_animation=&#8221;&#8221; row_type=&#8221;row&#8221; use_row_as_full_screen_section=&#8221;no&#8221; type=&#8221;grid&#8221; angled_section=&#8221;no&#8221; text_align=&#8221;left&#8221; background_image_as_pattern=&#8221;without_pattern&#8221;][vc_column width=&#8221;1\/2&#8243;][vc_gallery interval=&#8221;0&#8243; images=&#8221;46,45,15,7,5&#8243; img_size=&#8221;large&#8221; control_nav=&#8221;no&#8221; pause_on_hover=&#8221;no&#8221;][vc_column_text]<\/p>\n<h3 style=\"text-align: center;\">Double<\/h3>\n<p>[\/vc_column_text][vc_empty_space][\/vc_column][vc_column width=&#8221;1\/2&#8243;][vc_gallery interval=&#8221;0&#8243; images=&#8221;41,11,17,13,9&#8243; img_size=&#8221;large&#8221; control_nav=&#8221;no&#8221; pause_on_hover=&#8221;no&#8221;][vc_column_text]<\/p>\n<h3 style=\"text-align: center;\">Double avec vue<\/h3>\n<p>[\/vc_column_text][vc_empty_space][\/vc_column][\/vc_row][vc_row css_animation=&#8221;&#8221; row_type=&#8221;row&#8221; use_row_as_full_screen_section=&#8221;no&#8221; type=&#8221;grid&#8221; angled_section=&#8221;no&#8221; text_align=&#8221;left&#8221; background_image_as_pattern=&#8221;without_pattern&#8221; padding_bottom=&#8221;40&#8243;][vc_column width=&#8221;1\/2&#8243;][vc_gallery interval=&#8221;0&#8243; images=&#8221;32,31,30,29,14,11&#8243; img_size=&#8221;large&#8221; control_nav=&#8221;no&#8221; pause_on_hover=&#8221;no&#8221;][vc_column_text]<\/p>\n<h3 style=\"text-align: center;\">Triple<\/h3>\n<p>[\/vc_column_text][vc_empty_space][\/vc_column][vc_column width=&#8221;1\/2&#8243;][vc_gallery interval=&#8221;0&#8243; images=&#8221;28,24,22,21&#8243; img_size=&#8221;large&#8221; control_nav=&#8221;no&#8221; pause_on_hover=&#8221;no&#8221;][vc_column_text]<\/p>\n<h3 style=\"text-align: center;\">Quadruple<\/h3>\n<p>[\/vc_column_text][vc_empty_space][\/vc_column][\/vc_row][vc_row row_type=&#8221;parallax&#8221; parallax_content_width=&#8221;in_grid&#8221; text_align=&#8221;left&#8221; background_image=&#8221;289&#8243; full_screen_section_height=&#8221;no&#8221; section_height=&#8221;320&#8243;][vc_column][vc_empty_space height=&#8221;40px&#8221;][vc_column_text]<\/p>\n<h3 style=\"text-align: center;\">Comfort<\/h3>\n<p>[\/vc_column_text][vc_empty_space height=&#8221;24px&#8221;][vc_row_inner row_type=&#8221;row&#8221; type=&#8221;full_width&#8221; text_align=&#8221;left&#8221; row_negative_margin=&#8221;disable_negative_margin&#8221; css_animation=&#8221;&#8221;][vc_column_inner width=&#8221;1\/2&#8243;][vc_column_text]<\/p>\n<ul>\n<li style=\"text-align: center;\">Non fumeurs<\/li>\n<li style=\"text-align: center;\">Internet Wi-Fi gratuit<\/li>\n<li style=\"text-align: center;\">TV par Satellite<\/li>\n<li style=\"text-align: center;\">T\u00e9l\u00e9phone<\/li>\n<li style=\"text-align: center;\">Mini-bar<\/li>\n<\/ul>\n<p>[\/vc_column_text][\/vc_column_inner][vc_column_inner width=&#8221;1\/2&#8243;][vc_column_text]<\/p>\n<ul>\n<li style=\"text-align: center;\">Coffre-Fort<\/li>\n<li style=\"text-align: center;\">Machine \u00e0 caf\u00e9 \/ Th\u00e9<\/li>\n<li style=\"text-align: center;\">Air conditionn\u00e9<\/li>\n<li style=\"text-align: center;\">S\u00e8che-cheveux<\/li>\n<\/ul>\n<p>[\/vc_column_text][\/vc_column_inner][\/vc_row_inner][\/vc_column][\/vc_row]<\/p>\n","protected":false},"excerpt":{"rendered":"<p>[vc_row css_animation=&#8221;&#8221; row_type=&#8221;row&#8221; use_row_as_full_screen_section=&#8221;no&#8221; type=&#8221;grid&#8221; angled_section=&#8221;no&#8221; text_align=&#8221;left&#8221; background_image_as_pattern=&#8221;without_pattern&#8221; background_color=&#8221;#eae4d0&#8243; padding_top=&#8221;40&#8243; padding_bottom=&#8221;40&#8243;][vc_column][vc_column_text]Typiquement v\u00e9nitiennes, d\u2019une \u00e9l\u00e9gance sobre, lumineuses et vastes tout commes les autres d\u00e9cors de l\u2019h\u00f4tel les 30 chambres de l&#8217;H\u00f4tel Antica Locanda al Gambero sont embellies par les meilleurs conforts propos\u00e9s par les h\u00f4tels 3&#8230;<\/p>\n","protected":false},"author":1,"featured_media":0,"parent":0,"menu_order":0,"comment_status":"closed","ping_status":"closed","template":"full_width.php","meta":[],"yoast_head":"<!-- This site is optimized with the Yoast SEO plugin v17.8 - https:\/\/yoast.com\/wordpress\/plugins\/seo\/ -->\n<meta name=\"robots\" content=\"index, follow, max-snippet:-1, max-image-preview:large, max-video-preview:-1\" \/>\n<link rel=\"canonical\" href=\"https:\/\/www.locandaalgambero.com\/fr\/chambres\/\" \/>\n<meta property=\"og:locale\" content=\"fr_FR\" \/>\n<meta property=\"og:type\" content=\"article\" \/>\n<meta property=\"og:title\" content=\"Chambres - Antica Locanda Al Gambero - Hotel Venice\" \/>\n<meta property=\"og:description\" content=\"[vc_row css_animation=&#8221;&#8221; row_type=&#8221;row&#8221; use_row_as_full_screen_section=&#8221;no&#8221; type=&#8221;grid&#8221; angled_section=&#8221;no&#8221; text_align=&#8221;left&#8221; background_image_as_pattern=&#8221;without_pattern&#8221; background_color=&#8221;#eae4d0&#8243; padding_top=&#8221;40&#8243; padding_bottom=&#8221;40&#8243;][vc_column][vc_column_text]Typiquement v\u00e9nitiennes, d\u2019une \u00e9l\u00e9gance sobre, lumineuses et vastes tout commes les autres d\u00e9cors de l\u2019h\u00f4tel les 30 chambres de l&#8217;H\u00f4tel Antica Locanda al Gambero sont embellies par les meilleurs conforts propos\u00e9s par les h\u00f4tels 3...\" \/>\n<meta property=\"og:url\" content=\"https:\/\/www.locandaalgambero.com\/fr\/chambres\/\" \/>\n<meta property=\"og:site_name\" content=\"Locanda Al Gambero\" \/>\n<meta property=\"article:publisher\" content=\"https:\/\/www.facebook.com\/locandaalgambero\/?fref=ts\" \/>\n<meta property=\"article:modified_time\" content=\"2019-05-03T16:49:48+00:00\" \/>\n<meta name=\"twitter:card\" content=\"summary\" \/>\n<meta name=\"twitter:site\" content=\"@algambero\" \/>\n<meta name=\"twitter:label1\" content=\"Est. reading time\" \/>\n\t<meta name=\"twitter:data1\" content=\"3 minutes\" \/>\n<script type=\"application\/ld+json\" class=\"yoast-schema-graph\">{\"@context\":\"https:\/\/schema.org\",\"@graph\":[{\"@type\":\"Organization\",\"@id\":\"https:\/\/www.locandaalgambero.com\/#organization\",\"name\":\"Antica Locanda Al Gambero - Venezia\",\"url\":\"https:\/\/www.locandaalgambero.com\/\",\"sameAs\":[\"https:\/\/www.facebook.com\/locandaalgambero\/?fref=ts\",\"https:\/\/twitter.com\/algambero\"],\"logo\":{\"@type\":\"ImageObject\",\"@id\":\"https:\/\/www.locandaalgambero.com\/#logo\",\"inLanguage\":\"fr-FR\",\"url\":\"https:\/\/www.locandaalgambero.com\/wp-content\/uploads\/2017\/03\/logo-gambero3.png\",\"contentUrl\":\"https:\/\/www.locandaalgambero.com\/wp-content\/uploads\/2017\/03\/logo-gambero3.png\",\"width\":260,\"height\":87,\"caption\":\"Antica Locanda Al Gambero - Venezia\"},\"image\":{\"@id\":\"https:\/\/www.locandaalgambero.com\/#logo\"}},{\"@type\":\"WebSite\",\"@id\":\"https:\/\/www.locandaalgambero.com\/#website\",\"url\":\"https:\/\/www.locandaalgambero.com\/\",\"name\":\"Locanda Al Gambero\",\"description\":\"\",\"publisher\":{\"@id\":\"https:\/\/www.locandaalgambero.com\/#organization\"},\"potentialAction\":[{\"@type\":\"SearchAction\",\"target\":{\"@type\":\"EntryPoint\",\"urlTemplate\":\"https:\/\/www.locandaalgambero.com\/?s={search_term_string}\"},\"query-input\":\"required name=search_term_string\"}],\"inLanguage\":\"fr-FR\"},{\"@type\":\"WebPage\",\"@id\":\"https:\/\/www.locandaalgambero.com\/fr\/chambres\/#webpage\",\"url\":\"https:\/\/www.locandaalgambero.com\/fr\/chambres\/\",\"name\":\"Chambres - Antica Locanda Al Gambero - Hotel Venice\",\"isPartOf\":{\"@id\":\"https:\/\/www.locandaalgambero.com\/#website\"},\"datePublished\":\"2017-04-13T10:50:52+00:00\",\"dateModified\":\"2019-05-03T16:49:48+00:00\",\"breadcrumb\":{\"@id\":\"https:\/\/www.locandaalgambero.com\/fr\/chambres\/#breadcrumb\"},\"inLanguage\":\"fr-FR\",\"potentialAction\":[{\"@type\":\"ReadAction\",\"target\":[\"https:\/\/www.locandaalgambero.com\/fr\/chambres\/\"]}]},{\"@type\":\"BreadcrumbList\",\"@id\":\"https:\/\/www.locandaalgambero.com\/fr\/chambres\/#breadcrumb\",\"itemListElement\":[{\"@type\":\"ListItem\",\"position\":1,\"name\":\"Home\",\"item\":\"https:\/\/www.locandaalgambero.com\/fr\/\"},{\"@type\":\"ListItem\",\"position\":2,\"name\":\"Chambres\"}]}]}<\/script>\n<!-- \/ Yoast SEO plugin. -->","yoast_head_json":{"robots":{"index":"index","follow":"follow","max-snippet":"max-snippet:-1","max-image-preview":"max-image-preview:large","max-video-preview":"max-video-preview:-1"},"canonical":"https:\/\/www.locandaalgambero.com\/fr\/chambres\/","og_locale":"fr_FR","og_type":"article","og_title":"Chambres - Antica Locanda Al Gambero - Hotel Venice","og_description":"[vc_row css_animation=&#8221;&#8221; row_type=&#8221;row&#8221; use_row_as_full_screen_section=&#8221;no&#8221; type=&#8221;grid&#8221; angled_section=&#8221;no&#8221; text_align=&#8221;left&#8221; background_image_as_pattern=&#8221;without_pattern&#8221; background_color=&#8221;#eae4d0&#8243; padding_top=&#8221;40&#8243; padding_bottom=&#8221;40&#8243;][vc_column][vc_column_text]Typiquement v\u00e9nitiennes, d\u2019une \u00e9l\u00e9gance sobre, lumineuses et vastes tout commes les autres d\u00e9cors de l\u2019h\u00f4tel les 30 chambres de l&#8217;H\u00f4tel Antica Locanda al Gambero sont embellies par les meilleurs conforts propos\u00e9s par les h\u00f4tels 3...","og_url":"https:\/\/www.locandaalgambero.com\/fr\/chambres\/","og_site_name":"Locanda Al Gambero","article_publisher":"https:\/\/www.facebook.com\/locandaalgambero\/?fref=ts","article_modified_time":"2019-05-03T16:49:48+00:00","twitter_card":"summary","twitter_site":"@algambero","twitter_misc":{"Est. reading time":"3 minutes"},"schema":{"@context":"https:\/\/schema.org","@graph":[{"@type":"Organization","@id":"https:\/\/www.locandaalgambero.com\/#organization","name":"Antica Locanda Al Gambero - Venezia","url":"https:\/\/www.locandaalgambero.com\/","sameAs":["https:\/\/www.facebook.com\/locandaalgambero\/?fref=ts","https:\/\/twitter.com\/algambero"],"logo":{"@type":"ImageObject","@id":"https:\/\/www.locandaalgambero.com\/#logo","inLanguage":"fr-FR","url":"https:\/\/www.locandaalgambero.com\/wp-content\/uploads\/2017\/03\/logo-gambero3.png","contentUrl":"https:\/\/www.locandaalgambero.com\/wp-content\/uploads\/2017\/03\/logo-gambero3.png","width":260,"height":87,"caption":"Antica Locanda Al Gambero - Venezia"},"image":{"@id":"https:\/\/www.locandaalgambero.com\/#logo"}},{"@type":"WebSite","@id":"https:\/\/www.locandaalgambero.com\/#website","url":"https:\/\/www.locandaalgambero.com\/","name":"Locanda Al Gambero","description":"","publisher":{"@id":"https:\/\/www.locandaalgambero.com\/#organization"},"potentialAction":[{"@type":"SearchAction","target":{"@type":"EntryPoint","urlTemplate":"https:\/\/www.locandaalgambero.com\/?s={search_term_string}"},"query-input":"required name=search_term_string"}],"inLanguage":"fr-FR"},{"@type":"WebPage","@id":"https:\/\/www.locandaalgambero.com\/fr\/chambres\/#webpage","url":"https:\/\/www.locandaalgambero.com\/fr\/chambres\/","name":"Chambres - Antica Locanda Al Gambero - Hotel Venice","isPartOf":{"@id":"https:\/\/www.locandaalgambero.com\/#website"},"datePublished":"2017-04-13T10:50:52+00:00","dateModified":"2019-05-03T16:49:48+00:00","breadcrumb":{"@id":"https:\/\/www.locandaalgambero.com\/fr\/chambres\/#breadcrumb"},"inLanguage":"fr-FR","potentialAction":[{"@type":"ReadAction","target":["https:\/\/www.locandaalgambero.com\/fr\/chambres\/"]}]},{"@type":"BreadcrumbList","@id":"https:\/\/www.locandaalgambero.com\/fr\/chambres\/#breadcrumb","itemListElement":[{"@type":"ListItem","position":1,"name":"Home","item":"https:\/\/www.locandaalgambero.com\/fr\/"},{"@type":"ListItem","position":2,"name":"Chambres"}]}]}},"_links":{"self":[{"href":"https:\/\/www.locandaalgambero.com\/fr\/wp-json\/wp\/v2\/pages\/354"}],"collection":[{"href":"https:\/\/www.locandaalgambero.com\/fr\/wp-json\/wp\/v2\/pages"}],"about":[{"href":"https:\/\/www.locandaalgambero.com\/fr\/wp-json\/wp\/v2\/types\/page"}],"author":[{"embeddable":true,"href":"https:\/\/www.locandaalgambero.com\/fr\/wp-json\/wp\/v2\/users\/1"}],"replies":[{"embeddable":true,"href":"https:\/\/www.locandaalgambero.com\/fr\/wp-json\/wp\/v2\/comments?post=354"}],"version-history":[{"count":15,"href":"https:\/\/www.locandaalgambero.com\/fr\/wp-json\/wp\/v2\/pages\/354\/revisions"}],"predecessor-version":[{"id":825,"href":"https:\/\/www.locandaalgambero.com\/fr\/wp-json\/wp\/v2\/pages\/354\/revisions\/825"}],"wp:attachment":[{"href":"https:\/\/www.locandaalgambero.com\/fr\/wp-json\/wp\/v2\/media?parent=354"}],"curies":[{"name":"wp","href":"https:\/\/api.w.org\/{rel}","templated":true}]}}