{"id":546,"date":"2017-04-13T16:04:49","date_gmt":"2017-04-13T14:04:49","guid":{"rendered":"http:\/\/www.locandaalgambero.com\/situacion\/"},"modified":"2017-04-13T16:04:50","modified_gmt":"2017-04-13T14:04:50","slug":"situacion","status":"publish","type":"page","link":"https:\/\/www.locandaalgambero.com\/es\/situacion\/","title":{"rendered":"SITUACI\u00d3N"},"content":{"rendered":"<p>[vc_row css_animation=&#8221;&#8221; row_type=&#8221;row&#8221; use_row_as_full_screen_section=&#8221;no&#8221; type=&#8221;full_width&#8221; angled_section=&#8221;no&#8221; text_align=&#8221;left&#8221; background_image_as_pattern=&#8221;without_pattern&#8221; el_class=&#8221;full-width-map&#8221;][vc_column][vc_column_text]<div id=\"wpgmza_map\" class=\"wpgmza_map\" data-settings='{\"id\":\"1\",\"map_title\":\"My first map\",\"map_width\":\"100\",\"map_height\":\"700\",\"map_start_lat\":\"45.435569\",\"map_start_lng\":\"12.336503\",\"map_start_location\":\"45.43556859116746,12.336502564139664\",\"map_start_zoom\":\"15\",\"default_marker\":\"0\",\"type\":\"1\",\"alignment\":\"1\",\"directions_enabled\":\"1\",\"styling_enabled\":\"0\",\"styling_json\":\"\",\"active\":\"0\",\"kml\":\"\",\"bicycle\":\"0\",\"traffic\":\"0\",\"dbox\":\"1\",\"dbox_width\":\"100\",\"listmarkers\":\"0\",\"listmarkers_advanced\":\"0\",\"filterbycat\":\"0\",\"ugm_enabled\":\"0\",\"ugm_category_enabled\":\"0\",\"fusion\":\"\",\"map_width_type\":\"\\\\%\",\"map_height_type\":\"px\",\"mass_marker_support\":\"1\",\"ugm_access\":\"0\",\"order_markers_by\":\"1\",\"order_markers_choice\":\"2\",\"show_user_location\":\"0\",\"default_to\":\"\",\"other_settings\":{\"store_locator_enabled\":2,\"store_locator_distance\":2,\"store_locator_bounce\":1,\"store_locator_query_string\":\"CAP \\\/ Indirizzo:\",\"store_locator_default_address\":\"\",\"wpgmza_store_locator_restrict\":\"\",\"map_max_zoom\":\"1\",\"transport_layer\":0,\"wpgmza_theme_data\":\"[ { \\\\\\\"featureType\\\\\\\": \\\\\\\"poi\\\\\\\", \\\\\\\"stylers\\\\\\\": [ { \\\\\\\"visibility\\\\\\\": \\\\\\\"off\\\\\\\" } ] } ]\",\"wpgmza_theme_selection\":0}}' data-map-id='1' Data-maps-engine='' data-shortcode-attributes='{\"id\":\"1\"}' style=\"display:block; overflow:auto; width:100%; height:700px; float:left;\"><\/div>[\/vc_column_text][\/vc_column][\/vc_row][vc_row css_animation=&#8221;&#8221; row_type=&#8221;row&#8221; use_row_as_full_screen_section=&#8221;no&#8221; type=&#8221;grid&#8221; anchor=&#8221;#come-raggiungere&#8221; angled_section=&#8221;no&#8221; text_align=&#8221;left&#8221; background_image_as_pattern=&#8221;without_pattern&#8221; padding_top=&#8221;30&#8243; padding_bottom=&#8221;30&#8243;][vc_column][vc_column_text]<\/p>\n<h2>COMO LLEGAR\/h2><br \/>\n[\/vc_column_text][vc_empty_space height=&#8221;25px&#8221;][vc_column_text]En una situaci\u00f3n muy c\u00e9ntrica, a 3 minutos a pie de Piazza San Marco y a 5 del Puente de Rialto Rialto, el Hotel Antica Locanda al Gambero acoge a sus hu\u00e9spedes en una situaci\u00f3n verdaderamente privilegiada entre los hoteles de 3 estrellas de Venecia . En Calle dei Fabbri, una de las m\u00e1s caracter\u00edsticas y conocidas de la ciudad, al pie del pintoresco Ponte de le Pignate, el hotel est\u00e1 encajado en el laberinto de callejuelas y canales que hacen \u00fanica a Venecia.[\/vc_column_text][\/vc_column][\/vc_row][vc_row css_animation=&#8221;&#8221; row_type=&#8221;row&#8221; use_row_as_full_screen_section=&#8221;no&#8221; type=&#8221;grid&#8221; angled_section=&#8221;no&#8221; text_align=&#8221;left&#8221; background_image_as_pattern=&#8221;without_pattern&#8221; padding_bottom=&#8221;30&#8243;][vc_column width=&#8221;1\/6&#8243;]<span data-type=\"circle\" data-hover-bg-color=\"#7a120d\" data-hover-icon-color=\"#ffffff\" class=\"qode_icon_shortcode fa-stack q_font_awsome_icon_stack fa-4x pull-center \" style=\"font-size: 25px;font-size: 35px; \"><i class=\"fa fa-circle fa-stack-base fa-stack-2x\" style=\"color: #7a120d;\"><\/i><i class=\"qode_icon_font_awesome fa fa-plane qode_icon_element fa-stack-1x\" style=\"font-size: 25px;color: #ffffff;\" ><\/i><\/span>[\/vc_column][vc_column width=&#8221;5\/6&#8243;][vc_empty_space height=&#8221;5px&#8221;][vc_column_text]<\/p>\n<h3>EN AVI\u00d3N<\/h3>\n<p>[\/vc_column_text][vc_empty_space height=&#8221;15px&#8221;][vc_column_text]<\/p>\n<h4>Desde el aeropuerto de Venecia Marco Polo<\/h4>\n<p>Coger el autob\u00fas interno en la estaci\u00f3n de autobuses para llegar a la d\u00e1rsena del aeropuerto. Continuar en la lancha Alilaguna de l\u00ednea naranja y bajar en Rialto. Tras desembarcar, enfilar Calle Bembo, que se encuentra frente a la parada; continuar durante aprox. 100 m hasta el n\u00famero 4687, en el que, a la izquierda, se encuentra el hotel Antica Locanda al Gambero.<br \/>\nAlternativamente, tomar una lancha Alilaguna para Piazza San Marco (azul, roja o dorada) y bajarse all\u00ed. Desde aqu\u00ed, continuar a pie: atravesar Piazza San Marco y enfilar Calle dei Fabbri (esquina Caff\u00e8 Quadri), atravesar dos puentes y al pie del segundo, en el n\u00famero 4687, encontrar\u00e1n el hotel Antica Locanda al Gambero.<\/p>\n<p>&nbsp;<\/p>\n<h4>Desde el aeropuerto de Treviso Canova<\/h4>\n<p>Coger el minib\u00fas Eurobus de las l\u00edneas Atvo en direcci\u00f3n a Venecia &#8211; Piazzale Roma, donde deben bajar. Continuar con el vaporeto de las l\u00edneas Actv n\u00ba 1 o 2 en direcci\u00f3n a Rialto. Una vez en Rialto, si han utilizado la l\u00ednea 2, dirigirse a pie al embarcadero de la l\u00ednea 1 (unos 15 metros). Desde la salida del embarcadero de la l\u00ednea 1, enfilar Calle Bembo, que se encuentra ante ustedes. Rec\u00f3rranla en su totalidad, pasen el cruce y contin\u00faen recto durante unos 3 minutos. El Hotel al Gambero est\u00e1 a su izquierda, al pie de un caracter\u00edstico puente.[\/vc_column_text][\/vc_column][\/vc_row][vc_row css_animation=&#8221;&#8221; row_type=&#8221;row&#8221; use_row_as_full_screen_section=&#8221;no&#8221; type=&#8221;grid&#8221; angled_section=&#8221;no&#8221; text_align=&#8221;left&#8221; background_image_as_pattern=&#8221;without_pattern&#8221; padding_bottom=&#8221;30&#8243;][vc_column width=&#8221;1\/6&#8243;]<span data-type=\"circle\" data-hover-bg-color=\"#7a120d\" data-hover-icon-color=\"#ffffff\" class=\"qode_icon_shortcode fa-stack q_font_awsome_icon_stack fa-4x pull-center \" style=\"font-size: 25px;font-size: 35px; \"><i class=\"fa fa-circle fa-stack-base fa-stack-2x\" style=\"color: #7a120d;\"><\/i><i class=\"qode_icon_font_awesome fa fa-train qode_icon_element fa-stack-1x\" style=\"font-size: 25px;color: #ffffff;\" ><\/i><\/span>[\/vc_column][vc_column width=&#8221;5\/6&#8243;][vc_empty_space height=&#8221;5px&#8221;][vc_column_text]<\/p>\n<h3>EN TREN<\/h3>\n<p>[\/vc_column_text][vc_empty_space height=&#8221;15px&#8221;][vc_column_text]Desde la estaci\u00f3n de ferrocarril de Venecia Santa Lucia, coger, desde la parada que se encuentra ante la estaci\u00f3n, el vaporeto de las l\u00edneas Actv n\u00ba 1 o 2 para Rialto. Una vez en Rialto, si se ha utilizado la l\u00ednea 2, dirigirse a pie al embarcadero de la l\u00ednea 1 (unos 15 metros). Desde la salida del embarcadero de la l\u00ednea 1, enfilar Calle Bembo, que se encuentra ante ustedes. Rec\u00f3rranla en su totalidad, pasen el cruce y contin\u00faen recto durante unos 3 minutos. El Hotel al Gambero est\u00e1 a su izquierda, al pie de un caracter\u00edstico puente.[\/vc_column_text][\/vc_column][\/vc_row][vc_row css_animation=&#8221;&#8221; row_type=&#8221;row&#8221; use_row_as_full_screen_section=&#8221;no&#8221; type=&#8221;grid&#8221; angled_section=&#8221;no&#8221; text_align=&#8221;left&#8221; background_image_as_pattern=&#8221;without_pattern&#8221; padding_bottom=&#8221;30&#8243;][vc_column width=&#8221;1\/6&#8243;]<span data-type=\"circle\" data-hover-bg-color=\"#7a120d\" data-hover-icon-color=\"#ffffff\" class=\"qode_icon_shortcode fa-stack q_font_awsome_icon_stack fa-4x pull-center \" style=\"font-size: 25px;font-size: 35px; \"><i class=\"fa fa-circle fa-stack-base fa-stack-2x\" style=\"color: #7a120d;\"><\/i><i class=\"qode_icon_font_awesome fa fa-car qode_icon_element fa-stack-1x\" style=\"font-size: 25px;color: #ffffff;\" ><\/i><\/span>[\/vc_column][vc_column width=&#8221;5\/6&#8243;][vc_empty_space height=&#8221;5px&#8221;][vc_column_text]<\/p>\n<h3>EN COCHE<\/h3>\n<p>[\/vc_column_text][vc_empty_space height=&#8221;15px&#8221;][vc_column_text]Al salir del puesto de peaje de la autopista, continuar por la tangencial de Mestre y seguir las indicaciones para Venecia. Tras atravesar el Ponte della Libert\u00e0, que une Venecia con la tierra firme, aparcar el coche en los garajes del Tronchetto (al final del Ponte della Libert\u00e0, a la derecha) o en los de Piazzale Roma, el terminal de autom\u00f3viles (el Garaje San Marco tiene un acuerdo con el Hotel al Gambero: 10% de descuento desde el 01\/04 al 31\/10 y 20% desde el 01\/11 al 31\/03). Continuar con el vaporeto de las l\u00edneas Actv n\u00ba 1 o 2 en direcci\u00f3n a Rialto. Una vez en Rialto, si se ha utilizado la l\u00ednea 2, dirigirse a pie al embarcadero de la l\u00ednea 1 (unos 15 metros). Desde la salida del embarcadero de la l\u00ednea 1, enfilar Calle Bembo, que se encuentra ante ustedes. Rec\u00f3rranla en su totalidad, pasen el cruce y contin\u00faen recto durante unos 3 minutos. El Hotel al Gambero est\u00e1 a su izquierda, al pie de un caracter\u00edstico puente.[\/vc_column_text][\/vc_column][\/vc_row]<\/p>\n","protected":false},"excerpt":{"rendered":"<p>[vc_row css_animation=&#8221;&#8221; row_type=&#8221;row&#8221; use_row_as_full_screen_section=&#8221;no&#8221; type=&#8221;full_width&#8221; angled_section=&#8221;no&#8221; text_align=&#8221;left&#8221; background_image_as_pattern=&#8221;without_pattern&#8221; el_class=&#8221;full-width-map&#8221;][vc_column][vc_column_text][\/vc_column_text][\/vc_column][\/vc_row][vc_row css_animation=&#8221;&#8221; row_type=&#8221;row&#8221; use_row_as_full_screen_section=&#8221;no&#8221; type=&#8221;grid&#8221; anchor=&#8221;#come-raggiungere&#8221; angled_section=&#8221;no&#8221; text_align=&#8221;left&#8221; background_image_as_pattern=&#8221;without_pattern&#8221; padding_top=&#8221;30&#8243; padding_bottom=&#8221;30&#8243;][vc_column][vc_column_text] COMO LLEGAR\/h2> [\/vc_column_text][vc_empty_space height=&#8221;25px&#8221;][vc_column_text]En una situaci\u00f3n muy c\u00e9ntrica, a 3 minutos a pie de Piazza San Marco y a 5 del Puente de Rialto Rialto, el&#8230;<\/p>\n","protected":false},"author":1,"featured_media":0,"parent":0,"menu_order":0,"comment_status":"closed","ping_status":"closed","template":"full_width.php","meta":[],"yoast_head":"<!-- This site is optimized with the Yoast SEO plugin v17.8 - https:\/\/yoast.com\/wordpress\/plugins\/seo\/ -->\n<meta name=\"robots\" content=\"index, follow, max-snippet:-1, max-image-preview:large, max-video-preview:-1\" \/>\n<link rel=\"canonical\" href=\"https:\/\/www.locandaalgambero.com\/es\/situacion\/\" \/>\n<meta property=\"og:locale\" content=\"es_ES\" \/>\n<meta property=\"og:type\" content=\"article\" \/>\n<meta property=\"og:title\" content=\"SITUACI\u00d3N - Antica Locanda Al Gambero - Hotel Venice\" \/>\n<meta property=\"og:description\" content=\"[vc_row css_animation=&#8221;&#8221; row_type=&#8221;row&#8221; use_row_as_full_screen_section=&#8221;no&#8221; type=&#8221;full_width&#8221; angled_section=&#8221;no&#8221; text_align=&#8221;left&#8221; background_image_as_pattern=&#8221;without_pattern&#8221; el_class=&#8221;full-width-map&#8221;][vc_column][vc_column_text][\/vc_column_text][\/vc_column][\/vc_row][vc_row css_animation=&#8221;&#8221; row_type=&#8221;row&#8221; use_row_as_full_screen_section=&#8221;no&#8221; type=&#8221;grid&#8221; anchor=&#8221;#come-raggiungere&#8221; angled_section=&#8221;no&#8221; text_align=&#8221;left&#8221; background_image_as_pattern=&#8221;without_pattern&#8221; padding_top=&#8221;30&#8243; padding_bottom=&#8221;30&#8243;][vc_column][vc_column_text] COMO LLEGAR\/h2&gt; [\/vc_column_text][vc_empty_space height=&#8221;25px&#8221;][vc_column_text]En una situaci\u00f3n muy c\u00e9ntrica, a 3 minutos a pie de Piazza San Marco y a 5 del Puente de Rialto Rialto, el...\" \/>\n<meta property=\"og:url\" content=\"https:\/\/www.locandaalgambero.com\/es\/situacion\/\" \/>\n<meta property=\"og:site_name\" content=\"Antica Locanda Al Gambero - Hotel Venezia\" \/>\n<meta property=\"article:publisher\" content=\"https:\/\/www.facebook.com\/locandaalgambero\/?fref=ts\" \/>\n<meta property=\"article:modified_time\" content=\"2017-04-13T14:04:50+00:00\" \/>\n<meta name=\"twitter:card\" content=\"summary\" \/>\n<meta name=\"twitter:site\" content=\"@algambero\" \/>\n<meta name=\"twitter:label1\" content=\"Est. reading time\" \/>\n\t<meta name=\"twitter:data1\" content=\"5 minutes\" \/>\n<script type=\"application\/ld+json\" class=\"yoast-schema-graph\">{\"@context\":\"https:\/\/schema.org\",\"@graph\":[{\"@type\":\"Organization\",\"@id\":\"https:\/\/www.locandaalgambero.com\/#organization\",\"name\":\"Antica Locanda Al Gambero - Venezia\",\"url\":\"https:\/\/www.locandaalgambero.com\/\",\"sameAs\":[\"https:\/\/www.facebook.com\/locandaalgambero\/?fref=ts\",\"https:\/\/twitter.com\/algambero\"],\"logo\":{\"@type\":\"ImageObject\",\"@id\":\"https:\/\/www.locandaalgambero.com\/#logo\",\"inLanguage\":\"es-ES\",\"url\":\"https:\/\/www.locandaalgambero.com\/wp-content\/uploads\/2017\/03\/logo-gambero3.png\",\"contentUrl\":\"https:\/\/www.locandaalgambero.com\/wp-content\/uploads\/2017\/03\/logo-gambero3.png\",\"width\":260,\"height\":87,\"caption\":\"Antica Locanda Al Gambero - Venezia\"},\"image\":{\"@id\":\"https:\/\/www.locandaalgambero.com\/#logo\"}},{\"@type\":\"WebSite\",\"@id\":\"https:\/\/www.locandaalgambero.com\/#website\",\"url\":\"https:\/\/www.locandaalgambero.com\/\",\"name\":\"Antica Locanda Al Gambero - Hotel Venezia\",\"description\":\"\",\"publisher\":{\"@id\":\"https:\/\/www.locandaalgambero.com\/#organization\"},\"potentialAction\":[{\"@type\":\"SearchAction\",\"target\":{\"@type\":\"EntryPoint\",\"urlTemplate\":\"https:\/\/www.locandaalgambero.com\/?s={search_term_string}\"},\"query-input\":\"required name=search_term_string\"}],\"inLanguage\":\"es-ES\"},{\"@type\":\"WebPage\",\"@id\":\"https:\/\/www.locandaalgambero.com\/es\/situacion\/#webpage\",\"url\":\"https:\/\/www.locandaalgambero.com\/es\/situacion\/\",\"name\":\"SITUACI\\u00d3N - Antica Locanda Al Gambero - Hotel Venice\",\"isPartOf\":{\"@id\":\"https:\/\/www.locandaalgambero.com\/#website\"},\"datePublished\":\"2017-04-13T14:04:49+00:00\",\"dateModified\":\"2017-04-13T14:04:50+00:00\",\"breadcrumb\":{\"@id\":\"https:\/\/www.locandaalgambero.com\/es\/situacion\/#breadcrumb\"},\"inLanguage\":\"es-ES\",\"potentialAction\":[{\"@type\":\"ReadAction\",\"target\":[\"https:\/\/www.locandaalgambero.com\/es\/situacion\/\"]}]},{\"@type\":\"BreadcrumbList\",\"@id\":\"https:\/\/www.locandaalgambero.com\/es\/situacion\/#breadcrumb\",\"itemListElement\":[{\"@type\":\"ListItem\",\"position\":1,\"name\":\"Home\",\"item\":\"https:\/\/www.locandaalgambero.com\/es\/\"},{\"@type\":\"ListItem\",\"position\":2,\"name\":\"SITUACI\\u00d3N\"}]}]}<\/script>\n<!-- \/ Yoast SEO plugin. -->","yoast_head_json":{"robots":{"index":"index","follow":"follow","max-snippet":"max-snippet:-1","max-image-preview":"max-image-preview:large","max-video-preview":"max-video-preview:-1"},"canonical":"https:\/\/www.locandaalgambero.com\/es\/situacion\/","og_locale":"es_ES","og_type":"article","og_title":"SITUACI\u00d3N - Antica Locanda Al Gambero - Hotel Venice","og_description":"[vc_row css_animation=&#8221;&#8221; row_type=&#8221;row&#8221; use_row_as_full_screen_section=&#8221;no&#8221; type=&#8221;full_width&#8221; angled_section=&#8221;no&#8221; text_align=&#8221;left&#8221; background_image_as_pattern=&#8221;without_pattern&#8221; el_class=&#8221;full-width-map&#8221;][vc_column][vc_column_text][\/vc_column_text][\/vc_column][\/vc_row][vc_row css_animation=&#8221;&#8221; row_type=&#8221;row&#8221; use_row_as_full_screen_section=&#8221;no&#8221; type=&#8221;grid&#8221; anchor=&#8221;#come-raggiungere&#8221; angled_section=&#8221;no&#8221; text_align=&#8221;left&#8221; background_image_as_pattern=&#8221;without_pattern&#8221; padding_top=&#8221;30&#8243; padding_bottom=&#8221;30&#8243;][vc_column][vc_column_text] COMO LLEGAR\/h2> [\/vc_column_text][vc_empty_space height=&#8221;25px&#8221;][vc_column_text]En una situaci\u00f3n muy c\u00e9ntrica, a 3 minutos a pie de Piazza San Marco y a 5 del Puente de Rialto Rialto, el...","og_url":"https:\/\/www.locandaalgambero.com\/es\/situacion\/","og_site_name":"Antica Locanda Al Gambero - Hotel Venezia","article_publisher":"https:\/\/www.facebook.com\/locandaalgambero\/?fref=ts","article_modified_time":"2017-04-13T14:04:50+00:00","twitter_card":"summary","twitter_site":"@algambero","twitter_misc":{"Est. reading time":"5 minutes"},"schema":{"@context":"https:\/\/schema.org","@graph":[{"@type":"Organization","@id":"https:\/\/www.locandaalgambero.com\/#organization","name":"Antica Locanda Al Gambero - Venezia","url":"https:\/\/www.locandaalgambero.com\/","sameAs":["https:\/\/www.facebook.com\/locandaalgambero\/?fref=ts","https:\/\/twitter.com\/algambero"],"logo":{"@type":"ImageObject","@id":"https:\/\/www.locandaalgambero.com\/#logo","inLanguage":"es-ES","url":"https:\/\/www.locandaalgambero.com\/wp-content\/uploads\/2017\/03\/logo-gambero3.png","contentUrl":"https:\/\/www.locandaalgambero.com\/wp-content\/uploads\/2017\/03\/logo-gambero3.png","width":260,"height":87,"caption":"Antica Locanda Al Gambero - Venezia"},"image":{"@id":"https:\/\/www.locandaalgambero.com\/#logo"}},{"@type":"WebSite","@id":"https:\/\/www.locandaalgambero.com\/#website","url":"https:\/\/www.locandaalgambero.com\/","name":"Antica Locanda Al Gambero - Hotel Venezia","description":"","publisher":{"@id":"https:\/\/www.locandaalgambero.com\/#organization"},"potentialAction":[{"@type":"SearchAction","target":{"@type":"EntryPoint","urlTemplate":"https:\/\/www.locandaalgambero.com\/?s={search_term_string}"},"query-input":"required name=search_term_string"}],"inLanguage":"es-ES"},{"@type":"WebPage","@id":"https:\/\/www.locandaalgambero.com\/es\/situacion\/#webpage","url":"https:\/\/www.locandaalgambero.com\/es\/situacion\/","name":"SITUACI\u00d3N - Antica Locanda Al Gambero - Hotel Venice","isPartOf":{"@id":"https:\/\/www.locandaalgambero.com\/#website"},"datePublished":"2017-04-13T14:04:49+00:00","dateModified":"2017-04-13T14:04:50+00:00","breadcrumb":{"@id":"https:\/\/www.locandaalgambero.com\/es\/situacion\/#breadcrumb"},"inLanguage":"es-ES","potentialAction":[{"@type":"ReadAction","target":["https:\/\/www.locandaalgambero.com\/es\/situacion\/"]}]},{"@type":"BreadcrumbList","@id":"https:\/\/www.locandaalgambero.com\/es\/situacion\/#breadcrumb","itemListElement":[{"@type":"ListItem","position":1,"name":"Home","item":"https:\/\/www.locandaalgambero.com\/es\/"},{"@type":"ListItem","position":2,"name":"SITUACI\u00d3N"}]}]}},"_links":{"self":[{"href":"https:\/\/www.locandaalgambero.com\/es\/wp-json\/wp\/v2\/pages\/546"}],"collection":[{"href":"https:\/\/www.locandaalgambero.com\/es\/wp-json\/wp\/v2\/pages"}],"about":[{"href":"https:\/\/www.locandaalgambero.com\/es\/wp-json\/wp\/v2\/types\/page"}],"author":[{"embeddable":true,"href":"https:\/\/www.locandaalgambero.com\/es\/wp-json\/wp\/v2\/users\/1"}],"replies":[{"embeddable":true,"href":"https:\/\/www.locandaalgambero.com\/es\/wp-json\/wp\/v2\/comments?post=546"}],"version-history":[{"count":8,"href":"https:\/\/www.locandaalgambero.com\/es\/wp-json\/wp\/v2\/pages\/546\/revisions"}],"predecessor-version":[{"id":554,"href":"https:\/\/www.locandaalgambero.com\/es\/wp-json\/wp\/v2\/pages\/546\/revisions\/554"}],"wp:attachment":[{"href":"https:\/\/www.locandaalgambero.com\/es\/wp-json\/wp\/v2\/media?parent=546"}],"curies":[{"name":"wp","href":"https:\/\/api.w.org\/{rel}","templated":true}]}}