{"id":412,"date":"2017-04-13T13:04:43","date_gmt":"2017-04-13T11:04:43","guid":{"rendered":"http:\/\/www.locandaalgambero.com\/home-page\/"},"modified":"2019-03-29T13:38:33","modified_gmt":"2019-03-29T12:38:33","slug":"home-page","status":"publish","type":"page","link":"https:\/\/www.locandaalgambero.com\/de\/","title":{"rendered":"Home Page"},"content":{"rendered":"<p>[vc_row css_animation=&#8221;&#8221; row_type=&#8221;row&#8221; use_row_as_full_screen_section=&#8221;no&#8221; type=&#8221;full_width&#8221; angled_section=&#8221;no&#8221; text_align=&#8221;left&#8221; background_image_as_pattern=&#8221;without_pattern&#8221;][vc_column]\n\t\t\t<!-- START Home Page REVOLUTION SLIDER 6.5.11 --><p class=\"rs-p-wp-fix\"><\/p>\n\t\t\t<rs-module-wrap id=\"rev_slider_1_1_wrapper\" data-source=\"gallery\" style=\"visibility:hidden;background:transparent;padding:0;margin:0px auto;margin-top:0;margin-bottom:0;max-width:;\">\n\t\t\t\t<rs-module id=\"rev_slider_1_1\" style=\"\" data-version=\"6.5.11\">\n\t\t\t\t\t<rs-slides>\n\t\t\t\t\t\t<rs-slide style=\"position: absolute;\" data-key=\"rs-6\" data-title=\"Slide\" data-thumb=\"\/\/www.locandaalgambero.com\/wp-content\/uploads\/2017\/03\/slider-1-100x50.jpg\" data-anim=\"ms:600;\" data-in=\"o:0;\" data-out=\"a:false;\">\n\t\t\t\t\t\t\t<img src=\"\/\/www.locandaalgambero.com\/wp-content\/plugins\/revslider\/public\/assets\/assets\/dummy.png\" title=\"Home Page\" class=\"rev-slidebg tp-rs-img rs-lazyload\" data-lazyload=\"\/\/www.locandaalgambero.com\/wp-content\/uploads\/2017\/03\/slider-1.jpg\" data-no-retina>\n<!---->\t\t\t\t\t\t<\/rs-slide>\n\t\t\t\t\t\t<rs-slide style=\"position: absolute;\" data-key=\"rs-8\" data-title=\"Slide\" data-thumb=\"\/\/www.locandaalgambero.com\/wp-content\/uploads\/2017\/03\/slider-9-100x50.jpg\" data-anim=\"ms:600;\" data-in=\"o:0;\" data-out=\"a:false;\">\n\t\t\t\t\t\t\t<img src=\"\/\/www.locandaalgambero.com\/wp-content\/plugins\/revslider\/public\/assets\/assets\/dummy.png\" title=\"Home Page\" class=\"rev-slidebg tp-rs-img rs-lazyload\" data-lazyload=\"\/\/www.locandaalgambero.com\/wp-content\/uploads\/2017\/03\/slider-9.jpg\" data-no-retina>\n<!---->\t\t\t\t\t\t<\/rs-slide>\n\t\t\t\t\t\t<rs-slide style=\"position: absolute;\" data-key=\"rs-7\" data-title=\"Slide\" data-thumb=\"\/\/www.locandaalgambero.com\/wp-content\/uploads\/2017\/03\/slider-10-100x50.jpg\" data-anim=\"ms:600;\" data-in=\"o:0;\" data-out=\"a:false;\">\n\t\t\t\t\t\t\t<img src=\"\/\/www.locandaalgambero.com\/wp-content\/plugins\/revslider\/public\/assets\/assets\/dummy.png\" title=\"Home Page\" class=\"rev-slidebg tp-rs-img rs-lazyload\" data-lazyload=\"\/\/www.locandaalgambero.com\/wp-content\/uploads\/2017\/03\/slider-10.jpg\" data-no-retina>\n<!---->\t\t\t\t\t\t<\/rs-slide>\n\t\t\t\t\t\t<rs-slide style=\"position: absolute;\" data-key=\"rs-9\" data-title=\"Slide\" data-thumb=\"\/\/www.locandaalgambero.com\/wp-content\/uploads\/2017\/03\/slider-6-100x50.jpg\" data-anim=\"ms:600;\" data-in=\"o:0;\" data-out=\"a:false;\">\n\t\t\t\t\t\t\t<img src=\"\/\/www.locandaalgambero.com\/wp-content\/plugins\/revslider\/public\/assets\/assets\/dummy.png\" title=\"Home Page\" class=\"rev-slidebg tp-rs-img rs-lazyload\" data-lazyload=\"\/\/www.locandaalgambero.com\/wp-content\/uploads\/2017\/03\/slider-6.jpg\" data-no-retina>\n<!---->\t\t\t\t\t\t<\/rs-slide>\n\t\t\t\t\t\t<rs-slide style=\"position: absolute;\" data-key=\"rs-10\" data-title=\"Slide\" data-thumb=\"\/\/www.locandaalgambero.com\/wp-content\/uploads\/2017\/03\/slider-7-100x50.jpg\" data-anim=\"ms:600;\" data-in=\"o:0;\" data-out=\"a:false;\">\n\t\t\t\t\t\t\t<img src=\"\/\/www.locandaalgambero.com\/wp-content\/plugins\/revslider\/public\/assets\/assets\/dummy.png\" title=\"Home Page\" class=\"rev-slidebg tp-rs-img rs-lazyload\" data-lazyload=\"\/\/www.locandaalgambero.com\/wp-content\/uploads\/2017\/03\/slider-7.jpg\" data-no-retina>\n<!---->\t\t\t\t\t\t<\/rs-slide>\n\t\t\t\t\t\t<rs-slide style=\"position: absolute;\" data-key=\"rs-3\" data-title=\"Slide\" data-thumb=\"\/\/www.locandaalgambero.com\/wp-content\/uploads\/2017\/03\/slider-2-100x50.jpg\" data-anim=\"ms:600;\" data-in=\"o:0;\" data-out=\"a:false;\">\n\t\t\t\t\t\t\t<img src=\"\/\/www.locandaalgambero.com\/wp-content\/plugins\/revslider\/public\/assets\/assets\/dummy.png\" title=\"Home Page\" class=\"rev-slidebg tp-rs-img rs-lazyload\" data-lazyload=\"\/\/www.locandaalgambero.com\/wp-content\/uploads\/2017\/03\/slider-2.jpg\" data-no-retina>\n<!---->\t\t\t\t\t\t<\/rs-slide>\n\t\t\t\t\t\t<rs-slide style=\"position: absolute;\" data-key=\"rs-2\" data-title=\"Slide\" data-thumb=\"\/\/www.locandaalgambero.com\/wp-content\/uploads\/2017\/03\/slider-3-100x50.jpg\" data-anim=\"ms:600;\" data-in=\"o:0;\" data-out=\"a:false;\">\n\t\t\t\t\t\t\t<img src=\"\/\/www.locandaalgambero.com\/wp-content\/plugins\/revslider\/public\/assets\/assets\/dummy.png\" title=\"Home Page\" class=\"rev-slidebg tp-rs-img rs-lazyload\" data-lazyload=\"\/\/www.locandaalgambero.com\/wp-content\/uploads\/2017\/03\/slider-3.jpg\" data-no-retina>\n<!---->\t\t\t\t\t\t<\/rs-slide>\n\t\t\t\t\t\t<rs-slide style=\"position: absolute;\" data-key=\"rs-4\" data-title=\"Slide\" data-thumb=\"\/\/www.locandaalgambero.com\/wp-content\/uploads\/2017\/03\/slider-4-100x50.jpg\" data-anim=\"ms:600;\" data-in=\"o:0;\" data-out=\"a:false;\">\n\t\t\t\t\t\t\t<img src=\"\/\/www.locandaalgambero.com\/wp-content\/plugins\/revslider\/public\/assets\/assets\/dummy.png\" title=\"Home Page\" class=\"rev-slidebg tp-rs-img rs-lazyload\" data-lazyload=\"\/\/www.locandaalgambero.com\/wp-content\/uploads\/2017\/03\/slider-4.jpg\" data-no-retina>\n<!---->\t\t\t\t\t\t<\/rs-slide>\n\t\t\t\t\t\t<rs-slide style=\"position: absolute;\" data-key=\"rs-5\" data-title=\"Slide\" data-thumb=\"\/\/www.locandaalgambero.com\/wp-content\/uploads\/2017\/03\/slider-5-100x50.jpg\" data-anim=\"ms:600;\" data-in=\"o:0;\" data-out=\"a:false;\">\n\t\t\t\t\t\t\t<img src=\"\/\/www.locandaalgambero.com\/wp-content\/plugins\/revslider\/public\/assets\/assets\/dummy.png\" title=\"Home Page\" class=\"rev-slidebg tp-rs-img rs-lazyload\" data-lazyload=\"\/\/www.locandaalgambero.com\/wp-content\/uploads\/2017\/03\/slider-5.jpg\" data-no-retina>\n<!---->\t\t\t\t\t\t<\/rs-slide>\n\t\t\t\t\t<\/rs-slides>\n\t\t\t\t<\/rs-module>\n\t\t\t\t<script type=\"text\/javascript\">\n\t\t\t\t\tsetREVStartSize({c: 'rev_slider_1_1',rl:[1240,1024,778,480],el:[],gw:[1920],gh:[750],type:'standard',justify:'',layout:'fullwidth',mh:\"0\"});if (window.RS_MODULES!==undefined && window.RS_MODULES.modules!==undefined && window.RS_MODULES.modules[\"revslider11\"]!==undefined) {window.RS_MODULES.modules[\"revslider11\"].once = false;window.revapi1 = undefined;if (window.RS_MODULES.checkMinimal!==undefined) window.RS_MODULES.checkMinimal()}\n\t\t\t\t<\/script>\n\t\t\t<\/rs-module-wrap>\n\t\t\t<!-- END REVOLUTION SLIDER -->\n[\/vc_column][\/vc_row][vc_row css_animation=&#8221;&#8221; row_type=&#8221;row&#8221; use_row_as_full_screen_section=&#8221;no&#8221; type=&#8221;grid&#8221; angled_section=&#8221;no&#8221; text_align=&#8221;left&#8221; background_image_as_pattern=&#8221;without_pattern&#8221; padding_top=&#8221;40&#8243; padding_bottom=&#8221;40&#8243;][vc_column width=&#8221;1\/2&#8243;][vc_column_text]<\/p>\n<h2>Willkommen!<\/h2>\n<p>[\/vc_column_text][vc_empty_space height=&#8221;15px&#8221;][vc_column_text]In Venedig, in der Calle (Gasse)dei Fabbri, 3 Minuten zu Fu\u00df vom Markusplatz und 5 Minuten von Rialto entfernt, empf\u00e4ngt das Hotel Antica Locanda al Gambero seine G\u00e4ste in einem typisch venezianischen Ambiente, vereint mit modernstem Komfort und ausgezeichnetem Service.<\/p>\n<p>&nbsp;<\/p>\n<p>Die freundliche Atmosph\u00e4re und das ausgezeichnete Restaurant des Hotels bilden die angenehme Kulisse Ihres Urlaubs in Venedig&#8230;[\/vc_column_text][vc_empty_space height=&#8221;45px&#8221;][vc_column_text]<\/p>\n<h3>Dienstleistungen<\/h3>\n<p>[\/vc_column_text][vc_empty_space height=&#8221;15px&#8221;][vc_column_text]<img loading=\"lazy\" class=\"alignnone wp-image-214\" src=\"https:\/\/www.locandaalgambero.com\/wp-content\/uploads\/2017\/03\/free-wifi-300x192.png\" alt=\"\" width=\"78\" height=\"50\" srcset=\"https:\/\/www.locandaalgambero.com\/wp-content\/uploads\/2017\/03\/free-wifi-300x192.png 300w, https:\/\/www.locandaalgambero.com\/wp-content\/uploads\/2017\/03\/free-wifi-768x493.png 768w, https:\/\/www.locandaalgambero.com\/wp-content\/uploads\/2017\/03\/free-wifi-1024x657.png 1024w, https:\/\/www.locandaalgambero.com\/wp-content\/uploads\/2017\/03\/free-wifi-400x260.png 400w, https:\/\/www.locandaalgambero.com\/wp-content\/uploads\/2017\/03\/free-wifi-700x449.png 700w, https:\/\/www.locandaalgambero.com\/wp-content\/uploads\/2017\/03\/free-wifi.png 1280w\" sizes=\"(max-width: 78px) 100vw, 78px\" \/>[\/vc_column_text][\/vc_column][vc_column width=&#8221;1\/2&#8243;][vc_raw_js]JTNDc2NyaXB0JTIwdHlwZSUzRCUyMnRleHQlMkZqYXZhc2NyaXB0JTIyJTIwc3JjJTNEJTIyaHR0cHMlM0ElMkYlMkZ3d3cubG9jYW5kYWFsZ2FtYmVyby5jb20lMkZ3ZWJjYW0lMkZjYW0uanMlMjIlM0UlM0MlMkZzY3JpcHQlM0UlMEElM0NzY3JpcHQlMjB0eXBlJTNEJTIydGV4dCUyRmphdmFzY3JpcHQlMjIlM0UlMEFqUXVlcnklMjhkb2N1bWVudCUyOS5yZWFkeSUyOGZ1bmN0aW9uJTI4JTI5JTdCJTBBJTIwJTIwJTIwJTIwJTIwJTIwJTIwJTIwdmFyJTIwY2FtJTIwJTIwJTNEJTIwbmV3JTIwV2ViY2FtJTI4JTdCJTBBJTIwJTIwJTIwJTIwJTIwJTIwJTIwJTIwJTIwJTIwJTIwJTIwd2ViY2FtJTIwJTNBJTIwJTIyZ2FtYmVybyUyMiUyMCUyQyUyMCUyMCUyRiUyRiUyME5PTiUyME1PRElGSUNBUkUlMEElMjAlMjAlMjAlMjAlMjAlMjAlMjAlMjAlMjAlMjAlMjAlMjBpZCUyMCUyMCUyMCUyMCUyMCUzQSUyMCUyMnRvc29tX3dlYmNhbSUyMiUyMCUyQyUyMCUyRiUyRiUyMEluc2VyaXJlJTIwbCUyN2lkJTIwZGVsJTIwZGl2JTIwaHRtbCUyMGluJTIwY3VpJTIwdmlzdWFsaXp6YXJlJTIwbGElMjBjYW0lMEElMjAlMjAlMjAlMjAlMjAlMjAlMjAlMjAlMjAlMjAlMjAlMjBhdXRvJTIwJTIwJTIwJTNBJTIwdHJ1ZSUyMCUyQyUyMCUyRiUyRiUyMEF1dG8lMjBsb2FkJTIwYWQlMjBhdnZpbyUyMGRlbGxhJTIwcGFnaW5hJTIwbGFzY2lhcmUlMjBjb3NpJTI3JTBBJTIwJTIwJTIwJTIwJTIwJTIwJTIwJTIwJTIwJTIwJTIwJTIwbG9hZGVyJTIwJTNBJTIwJTIyJTIyJTIwJTJGJTJGJTIwVXJsJTIwZGVsJTIwZ2lmJTIwZGklMjBjYXJpY2FtZW50byUyMHNlJTIwcHJlc2VudGUlMEElMjAlMjAlMjAlMjAlMjAlMjAlMjAlMjAlN0QlMjklM0IlMEElN0QlMjklMEElM0MlMkZzY3JpcHQlM0U=[\/vc_raw_js][vc_raw_html]PGRpdiBpZD0idG9zb21fd2ViY2FtIiA+PC9kaXY+[\/vc_raw_html][\/vc_column][\/vc_row]<\/p>\n","protected":false},"excerpt":{"rendered":"<p>[vc_row css_animation=&#8221;&#8221; row_type=&#8221;row&#8221; use_row_as_full_screen_section=&#8221;no&#8221; type=&#8221;full_width&#8221; angled_section=&#8221;no&#8221; text_align=&#8221;left&#8221; background_image_as_pattern=&#8221;without_pattern&#8221;][vc_column][\/vc_column][\/vc_row][vc_row css_animation=&#8221;&#8221; row_type=&#8221;row&#8221; use_row_as_full_screen_section=&#8221;no&#8221; type=&#8221;grid&#8221; angled_section=&#8221;no&#8221; text_align=&#8221;left&#8221; background_image_as_pattern=&#8221;without_pattern&#8221; padding_top=&#8221;40&#8243; padding_bottom=&#8221;40&#8243;][vc_column width=&#8221;1\/2&#8243;][vc_column_text] Willkommen! [\/vc_column_text][vc_empty_space height=&#8221;15px&#8221;][vc_column_text]In Venedig, in der Calle (Gasse)dei Fabbri, 3 Minuten zu Fu\u00df vom Markusplatz und 5 Minuten von Rialto entfernt, empf\u00e4ngt das Hotel Antica Locanda al&#8230;<\/p>\n","protected":false},"author":1,"featured_media":0,"parent":0,"menu_order":0,"comment_status":"closed","ping_status":"closed","template":"full_width.php","meta":[],"yoast_head":"<!-- This site is optimized with the Yoast SEO plugin v17.8 - https:\/\/yoast.com\/wordpress\/plugins\/seo\/ -->\n<meta name=\"description\" content=\"In Venedig, in der Calle (Gasse)dei Fabbri, 3 Minuten zu Fu\u00df vom Markusplatz und 5 Minuten von Rialto entfernt, empf\u00e4ngt das Hotel Antica Locanda al Gambero seine G\u00e4ste in einem typisch venezianischen Ambiente, vereint mit modernstem Komfort und ausgezeichnetem Service.\" \/>\n<meta name=\"robots\" content=\"index, follow, max-snippet:-1, max-image-preview:large, max-video-preview:-1\" \/>\n<link rel=\"canonical\" href=\"https:\/\/www.locandaalgambero.com\/de\/\" \/>\n<meta property=\"og:locale\" content=\"de_DE\" \/>\n<meta property=\"og:type\" content=\"article\" \/>\n<meta property=\"og:title\" content=\"Antica Locanda al Gambero - Hotel Venedig - Offizielle Webseite\" \/>\n<meta property=\"og:description\" content=\"In Venedig, in der Calle (Gasse)dei Fabbri, 3 Minuten zu Fu\u00df vom Markusplatz und 5 Minuten von Rialto entfernt, empf\u00e4ngt das Hotel Antica Locanda al Gambero seine G\u00e4ste in einem typisch venezianischen Ambiente, vereint mit modernstem Komfort und ausgezeichnetem Service.\" \/>\n<meta property=\"og:url\" content=\"https:\/\/www.locandaalgambero.com\/de\/\" \/>\n<meta property=\"og:site_name\" content=\"Locanda Al Gambero\" \/>\n<meta property=\"article:publisher\" content=\"https:\/\/www.facebook.com\/locandaalgambero\/?fref=ts\" \/>\n<meta property=\"article:modified_time\" content=\"2019-03-29T12:38:33+00:00\" \/>\n<meta property=\"og:image\" content=\"https:\/\/www.locandaalgambero.com\/wp-content\/uploads\/2017\/03\/free-wifi-300x192.png\" \/>\n<meta name=\"twitter:card\" content=\"summary\" \/>\n<meta name=\"twitter:site\" content=\"@algambero\" \/>\n<meta name=\"twitter:label1\" content=\"Est. reading time\" \/>\n\t<meta name=\"twitter:data1\" content=\"1 minute\" \/>\n<script type=\"application\/ld+json\" class=\"yoast-schema-graph\">{\"@context\":\"https:\/\/schema.org\",\"@graph\":[{\"@type\":\"Organization\",\"@id\":\"https:\/\/www.locandaalgambero.com\/#organization\",\"name\":\"Antica Locanda Al Gambero - Venezia\",\"url\":\"https:\/\/www.locandaalgambero.com\/\",\"sameAs\":[\"https:\/\/www.facebook.com\/locandaalgambero\/?fref=ts\",\"https:\/\/twitter.com\/algambero\"],\"logo\":{\"@type\":\"ImageObject\",\"@id\":\"https:\/\/www.locandaalgambero.com\/#logo\",\"inLanguage\":\"de-DE\",\"url\":\"https:\/\/www.locandaalgambero.com\/wp-content\/uploads\/2017\/03\/logo-gambero3.png\",\"contentUrl\":\"https:\/\/www.locandaalgambero.com\/wp-content\/uploads\/2017\/03\/logo-gambero3.png\",\"width\":260,\"height\":87,\"caption\":\"Antica Locanda Al Gambero - Venezia\"},\"image\":{\"@id\":\"https:\/\/www.locandaalgambero.com\/#logo\"}},{\"@type\":\"WebSite\",\"@id\":\"https:\/\/www.locandaalgambero.com\/#website\",\"url\":\"https:\/\/www.locandaalgambero.com\/\",\"name\":\"Locanda Al Gambero\",\"description\":\"\",\"publisher\":{\"@id\":\"https:\/\/www.locandaalgambero.com\/#organization\"},\"potentialAction\":[{\"@type\":\"SearchAction\",\"target\":{\"@type\":\"EntryPoint\",\"urlTemplate\":\"https:\/\/www.locandaalgambero.com\/?s={search_term_string}\"},\"query-input\":\"required name=search_term_string\"}],\"inLanguage\":\"de-DE\"},{\"@type\":\"ImageObject\",\"@id\":\"https:\/\/www.locandaalgambero.com\/de\/#primaryimage\",\"inLanguage\":\"de-DE\",\"url\":\"https:\/\/www.locandaalgambero.com\/wp-content\/uploads\/2017\/03\/free-wifi.png\",\"contentUrl\":\"https:\/\/www.locandaalgambero.com\/wp-content\/uploads\/2017\/03\/free-wifi.png\",\"width\":1280,\"height\":821},{\"@type\":\"WebPage\",\"@id\":\"https:\/\/www.locandaalgambero.com\/de\/#webpage\",\"url\":\"https:\/\/www.locandaalgambero.com\/de\/\",\"name\":\"Antica Locanda al Gambero - Hotel Venedig - Offizielle Webseite\",\"isPartOf\":{\"@id\":\"https:\/\/www.locandaalgambero.com\/#website\"},\"primaryImageOfPage\":{\"@id\":\"https:\/\/www.locandaalgambero.com\/de\/#primaryimage\"},\"datePublished\":\"2017-04-13T11:04:43+00:00\",\"dateModified\":\"2019-03-29T12:38:33+00:00\",\"description\":\"In Venedig, in der Calle (Gasse)dei Fabbri, 3 Minuten zu Fu\\u00df vom Markusplatz und 5 Minuten von Rialto entfernt, empf\\u00e4ngt das Hotel Antica Locanda al Gambero seine G\\u00e4ste in einem typisch venezianischen Ambiente, vereint mit modernstem Komfort und ausgezeichnetem Service.\",\"breadcrumb\":{\"@id\":\"https:\/\/www.locandaalgambero.com\/de\/#breadcrumb\"},\"inLanguage\":\"de-DE\",\"potentialAction\":[{\"@type\":\"ReadAction\",\"target\":[\"https:\/\/www.locandaalgambero.com\/de\/\"]}]},{\"@type\":\"BreadcrumbList\",\"@id\":\"https:\/\/www.locandaalgambero.com\/de\/#breadcrumb\",\"itemListElement\":[{\"@type\":\"ListItem\",\"position\":1,\"name\":\"Home\",\"item\":\"https:\/\/www.locandaalgambero.com\/de\/\"},{\"@type\":\"ListItem\",\"position\":2,\"name\":\"Home Page\"}]}]}<\/script>\n<!-- \/ Yoast SEO plugin. -->","yoast_head_json":{"description":"In Venedig, in der Calle (Gasse)dei Fabbri, 3 Minuten zu Fu\u00df vom Markusplatz und 5 Minuten von Rialto entfernt, empf\u00e4ngt das Hotel Antica Locanda al Gambero seine G\u00e4ste in einem typisch venezianischen Ambiente, vereint mit modernstem Komfort und ausgezeichnetem Service.","robots":{"index":"index","follow":"follow","max-snippet":"max-snippet:-1","max-image-preview":"max-image-preview:large","max-video-preview":"max-video-preview:-1"},"canonical":"https:\/\/www.locandaalgambero.com\/de\/","og_locale":"de_DE","og_type":"article","og_title":"Antica Locanda al Gambero - Hotel Venedig - Offizielle Webseite","og_description":"In Venedig, in der Calle (Gasse)dei Fabbri, 3 Minuten zu Fu\u00df vom Markusplatz und 5 Minuten von Rialto entfernt, empf\u00e4ngt das Hotel Antica Locanda al Gambero seine G\u00e4ste in einem typisch venezianischen Ambiente, vereint mit modernstem Komfort und ausgezeichnetem Service.","og_url":"https:\/\/www.locandaalgambero.com\/de\/","og_site_name":"Locanda Al Gambero","article_publisher":"https:\/\/www.facebook.com\/locandaalgambero\/?fref=ts","article_modified_time":"2019-03-29T12:38:33+00:00","og_image":[{"url":"https:\/\/www.locandaalgambero.com\/wp-content\/uploads\/2017\/03\/free-wifi-300x192.png"}],"twitter_card":"summary","twitter_site":"@algambero","twitter_misc":{"Est. reading time":"1 minute"},"schema":{"@context":"https:\/\/schema.org","@graph":[{"@type":"Organization","@id":"https:\/\/www.locandaalgambero.com\/#organization","name":"Antica Locanda Al Gambero - Venezia","url":"https:\/\/www.locandaalgambero.com\/","sameAs":["https:\/\/www.facebook.com\/locandaalgambero\/?fref=ts","https:\/\/twitter.com\/algambero"],"logo":{"@type":"ImageObject","@id":"https:\/\/www.locandaalgambero.com\/#logo","inLanguage":"de-DE","url":"https:\/\/www.locandaalgambero.com\/wp-content\/uploads\/2017\/03\/logo-gambero3.png","contentUrl":"https:\/\/www.locandaalgambero.com\/wp-content\/uploads\/2017\/03\/logo-gambero3.png","width":260,"height":87,"caption":"Antica Locanda Al Gambero - Venezia"},"image":{"@id":"https:\/\/www.locandaalgambero.com\/#logo"}},{"@type":"WebSite","@id":"https:\/\/www.locandaalgambero.com\/#website","url":"https:\/\/www.locandaalgambero.com\/","name":"Locanda Al Gambero","description":"","publisher":{"@id":"https:\/\/www.locandaalgambero.com\/#organization"},"potentialAction":[{"@type":"SearchAction","target":{"@type":"EntryPoint","urlTemplate":"https:\/\/www.locandaalgambero.com\/?s={search_term_string}"},"query-input":"required name=search_term_string"}],"inLanguage":"de-DE"},{"@type":"ImageObject","@id":"https:\/\/www.locandaalgambero.com\/de\/#primaryimage","inLanguage":"de-DE","url":"https:\/\/www.locandaalgambero.com\/wp-content\/uploads\/2017\/03\/free-wifi.png","contentUrl":"https:\/\/www.locandaalgambero.com\/wp-content\/uploads\/2017\/03\/free-wifi.png","width":1280,"height":821},{"@type":"WebPage","@id":"https:\/\/www.locandaalgambero.com\/de\/#webpage","url":"https:\/\/www.locandaalgambero.com\/de\/","name":"Antica Locanda al Gambero - Hotel Venedig - Offizielle Webseite","isPartOf":{"@id":"https:\/\/www.locandaalgambero.com\/#website"},"primaryImageOfPage":{"@id":"https:\/\/www.locandaalgambero.com\/de\/#primaryimage"},"datePublished":"2017-04-13T11:04:43+00:00","dateModified":"2019-03-29T12:38:33+00:00","description":"In Venedig, in der Calle (Gasse)dei Fabbri, 3 Minuten zu Fu\u00df vom Markusplatz und 5 Minuten von Rialto entfernt, empf\u00e4ngt das Hotel Antica Locanda al Gambero seine G\u00e4ste in einem typisch venezianischen Ambiente, vereint mit modernstem Komfort und ausgezeichnetem Service.","breadcrumb":{"@id":"https:\/\/www.locandaalgambero.com\/de\/#breadcrumb"},"inLanguage":"de-DE","potentialAction":[{"@type":"ReadAction","target":["https:\/\/www.locandaalgambero.com\/de\/"]}]},{"@type":"BreadcrumbList","@id":"https:\/\/www.locandaalgambero.com\/de\/#breadcrumb","itemListElement":[{"@type":"ListItem","position":1,"name":"Home","item":"https:\/\/www.locandaalgambero.com\/de\/"},{"@type":"ListItem","position":2,"name":"Home Page"}]}]}},"_links":{"self":[{"href":"https:\/\/www.locandaalgambero.com\/de\/wp-json\/wp\/v2\/pages\/412"}],"collection":[{"href":"https:\/\/www.locandaalgambero.com\/de\/wp-json\/wp\/v2\/pages"}],"about":[{"href":"https:\/\/www.locandaalgambero.com\/de\/wp-json\/wp\/v2\/types\/page"}],"author":[{"embeddable":true,"href":"https:\/\/www.locandaalgambero.com\/de\/wp-json\/wp\/v2\/users\/1"}],"replies":[{"embeddable":true,"href":"https:\/\/www.locandaalgambero.com\/de\/wp-json\/wp\/v2\/comments?post=412"}],"version-history":[{"count":10,"href":"https:\/\/www.locandaalgambero.com\/de\/wp-json\/wp\/v2\/pages\/412\/revisions"}],"predecessor-version":[{"id":779,"href":"https:\/\/www.locandaalgambero.com\/de\/wp-json\/wp\/v2\/pages\/412\/revisions\/779"}],"wp:attachment":[{"href":"https:\/\/www.locandaalgambero.com\/de\/wp-json\/wp\/v2\/media?parent=412"}],"curies":[{"name":"wp","href":"https:\/\/api.w.org\/{rel}","templated":true}]}}